{"id":99,"date":"2026-04-17T08:59:00","date_gmt":"2026-04-17T08:59:00","guid":{"rendered":"https:\/\/new.pasiekauanety.pl\/swieczki-2\/"},"modified":"2026-04-17T09:05:12","modified_gmt":"2026-04-17T09:05:12","slug":"swieczki-2","status":"publish","type":"page","link":"https:\/\/new.pasiekauanety.pl\/swieczki-2\/","title":{"rendered":"\u015awieczki"},"content":{"rendered":"\t<section class=\"relative overflow-hidden\">\n\t\t<div class=\"absolute inset-0\">\n\t\t\t<img decoding=\"async\" src=\"http:\/\/new.pasiekauanety.pl\/wp-content\/uploads\/2026\/04\/candles.jpg\" alt=\"\u015awieczki z wosku pszczelego\" class=\"w-full h-full object-cover\">\t\t\t<div class=\"absolute inset-0 bg-gradient-to-r from-honey-deep\/80 via-honey-deep\/55 to-transparent\"><\/div>\n\t\t<\/div>\n\t\t<div class=\"relative container py-24 md:py-36\">\n\t\t\t<div class=\"max-w-2xl text-background\">\n\t\t\t\t\t\t\t\t\t<span class=\"inline-flex items-center gap-2 px-4 py-1.5 rounded-full bg-background\/15 backdrop-blur-sm border border-background\/20 text-sm font-medium mb-5\">\n\t\t\t\t\t\t<svg xmlns=\"http:\/\/www.w3.org\/2000\/svg\" viewBox=\"0 0 24 24\" class=\"h-3.5 w-3.5\" fill=\"none\" stroke=\"currentColor\" stroke-width=\"2\" stroke-linecap=\"round\" stroke-linejoin=\"round\" aria-hidden=\"true\" focusable=\"false\"><path d=\"M8.5 14.5A4.5 4.5 0 0 0 12 22a4.5 4.5 0 0 0 3.5-7.5c-2-2-2.5-4.5-1.5-7.5-3 1.5-5.5 4-5.5 7.5Z\"><\/path><path d=\"M12 22c1.5-2 1.5-4 .2-5.5\"><\/path><\/svg>\t\t\t\t\t\tR\u0119kodzie\u0142o z pasieki\t\t\t\t\t<\/span>\n\t\t\t\t\t\t\t\t<h1 class=\"font-display text-5xl md:text-6xl lg:text-7xl font-bold leading-[0.95] mb-5\">\u015awieczki z <em class=\"text-primary-glow not-italic\">wosku pszczelego<\/em><\/h1>\n\t\t\t\t\t\t\t\t\t<p class=\"text-lg md:text-xl opacity-90 max-w-xl leading-relaxed\">Czysty wosk z naszych uli, r\u0119cznie odlewany w domowej pracowni. Naturalny zapach miodu, ciep\u0142y blask i powolne palenie.<\/p>\n\t\t\t\t\t\t\t<\/div>\n\t\t<\/div>\n\t<\/section>\n\t\n\n\t<section class=\"container py-20\">\n\t\t\t\t<div class=\"grid md:grid-cols-3 gap-6\">\n\t\t\t\t\t\t\t<div class=\"bg-card border border-border rounded-3xl p-8 shadow-soft hover:shadow-honey transition-shadow\">\n\t\t\t\t\t<div class=\"h-14 w-14 rounded-2xl bg-gradient-honey flex items-center justify-center mb-5 shadow-honey\">\n\t\t\t\t\t\t<svg xmlns=\"http:\/\/www.w3.org\/2000\/svg\" viewBox=\"0 0 24 24\" class=\"h-6 w-6 text-primary-foreground\" fill=\"none\" stroke=\"currentColor\" stroke-width=\"2\" stroke-linecap=\"round\" stroke-linejoin=\"round\" aria-hidden=\"true\" focusable=\"false\"><path d=\"M11 20A7 7 0 0 1 4 13c0-6 8-9 16-9 0 8-3 16-9 16Z\"><\/path><path d=\"M4 20c4-4 8-8 16-16\"><\/path><\/svg>\t\t\t\t\t<\/div>\n\t\t\t\t\t<h3 class=\"font-display text-2xl font-semibold mb-2\">100% naturalny wosk<\/h3>\n\t\t\t\t\t<p class=\"text-muted-foreground leading-relaxed\">Bez parafiny, bez sztucznych dodatk\u00f3w. Tylko czysty wosk z naszych uli.<\/p>\n\t\t\t\t<\/div>\n\t\t\t\t\t\t\t<div class=\"bg-card border border-border rounded-3xl p-8 shadow-soft hover:shadow-honey transition-shadow\">\n\t\t\t\t\t<div class=\"h-14 w-14 rounded-2xl bg-gradient-honey flex items-center justify-center mb-5 shadow-honey\">\n\t\t\t\t\t\t<svg xmlns=\"http:\/\/www.w3.org\/2000\/svg\" viewBox=\"0 0 24 24\" class=\"h-6 w-6 text-primary-foreground\" fill=\"none\" stroke=\"currentColor\" stroke-width=\"2\" stroke-linecap=\"round\" stroke-linejoin=\"round\" aria-hidden=\"true\" focusable=\"false\"><path d=\"M20.8 4.6a5.5 5.5 0 0 0-7.8 0L12 5.6l-1-1a5.5 5.5 0 0 0-7.8 7.8l1 1L12 21l7.8-7.6 1-1a5.5 5.5 0 0 0 0-7.8Z\"><\/path><\/svg>\t\t\t\t\t<\/div>\n\t\t\t\t\t<h3 class=\"font-display text-2xl font-semibold mb-2\">R\u0119cznie odlewane<\/h3>\n\t\t\t\t\t<p class=\"text-muted-foreground leading-relaxed\">Ka\u017cda \u015bwieca powstaje w domowej pracowni &#8211; w ma\u0142ych partiach, z uwag\u0105.<\/p>\n\t\t\t\t<\/div>\n\t\t\t\t\t\t\t<div class=\"bg-card border border-border rounded-3xl p-8 shadow-soft hover:shadow-honey transition-shadow\">\n\t\t\t\t\t<div class=\"h-14 w-14 rounded-2xl bg-gradient-honey flex items-center justify-center mb-5 shadow-honey\">\n\t\t\t\t\t\t<svg xmlns=\"http:\/\/www.w3.org\/2000\/svg\" viewBox=\"0 0 24 24\" class=\"h-6 w-6 text-primary-foreground\" fill=\"none\" stroke=\"currentColor\" stroke-width=\"2\" stroke-linecap=\"round\" stroke-linejoin=\"round\" aria-hidden=\"true\" focusable=\"false\"><path d=\"m12 3 1.8 5.2L19 10l-5.2 1.8L12 17l-1.8-5.2L5 10l5.2-1.8Z\"><\/path><path d=\"M5 3v4\"><\/path><path d=\"M3 5h4\"><\/path><path d=\"M19 17v4\"><\/path><path d=\"M17 19h4\"><\/path><\/svg>\t\t\t\t\t<\/div>\n\t\t\t\t\t<h3 class=\"font-display text-2xl font-semibold mb-2\">Naturalny aromat<\/h3>\n\t\t\t\t\t<p class=\"text-muted-foreground leading-relaxed\">Delikatny zapach miodu i kwiatowej \u0142\u0105ki. Bez perfum, bez chemii.<\/p>\n\t\t\t\t<\/div>\n\t\t\t\t\t<\/div>\n\t<\/section>\n\t\n\n\t<section class=\"container py-20\">\n\t\t<div class=\"grid lg:grid-cols-2 gap-16 items-center\">\n\t\t\t\t\t\t\t<div class=\"relative\"><div class=\"aspect-[4\/5] rounded-[3rem] overflow-hidden shadow-honey\"><img decoding=\"async\" src=\"http:\/\/new.pasiekauanety.pl\/wp-content\/uploads\/2026\/04\/candles-2.jpg\" alt=\"P\u0142on\u0105ca \u015bwieca z wosku pszczelego\" class=\"w-full h-full object-cover\" loading=\"lazy\"><\/div><\/div>\t\t\t\t\t\t<div>\n\t\t\t\t\t\t\t\t\t<span class=\"text-primary font-medium uppercase tracking-widest text-sm\">Dlaczego wosk pszczeli?<\/span>\n\t\t\t\t\t\t\t\t<h2 class=\"font-display text-4xl md:text-5xl font-bold mt-3 mb-6 leading-tight\">\u015awiat\u0142o, kt\u00f3re <em class=\"text-gradient-honey not-italic\">leczy zmys\u0142y<\/em><\/h2>\n\t\t\t\t\t\t\t\t\t<p class=\"text-muted-foreground text-lg leading-relaxed mb-5\">Pali si\u0119 znacznie d\u0142u\u017cej ni\u017c parafina i nie kapie.<\/p>\n\t\t\t\t\t\t\t\t\t<p class=\"text-muted-foreground text-lg leading-relaxed mb-5\">Podczas spalania uwalnia ujemne jony oczyszczaj\u0105ce powietrze.<\/p>\n\t\t\t\t\t\t\t\t\t<p class=\"text-muted-foreground text-lg leading-relaxed mb-5\">Naturalny z\u0142oty p\u0142omie\u0144 stwarza ciep\u0142\u0105, intymn\u0105 atmosfer\u0119.<\/p>\n\t\t\t\t\t\t\t\t\t<p class=\"text-muted-foreground text-lg leading-relaxed mb-5\">W ca\u0142o\u015bci biodegradowalna &#8211; przyjazna naturze.<\/p>\n\t\t\t\t\t\t\t\t\t\t\t<\/div>\n\t\t\t\t\t<\/div>\n\t<\/section>\n\t\n\n\t<section class=\"container py-20\">\n\t\t\t\t\t\t<div class=\"text-center max-w-2xl mx-auto mb-12\">\n\t\t\t\t\t\t\t<h2 class=\"font-display text-4xl md:text-5xl font-bold mt-3 mb-3\">Nasza kolekcja<\/h2>\n\t\t\t\t\t\t\t<p class=\"text-muted-foreground text-lg\">Kliknij w \u015bwiec\u0119, by zobaczy\u0107 szczeg\u00f3\u0142y, czas palenia i spos\u00f3b piel\u0119gnacji.<\/p>\n\t\t\t<\/div>\n\t\t\t\t\t<div class=\"grid sm:grid-cols-2 lg:grid-cols-4 gap-6\">\n\t\t\t\t\t\t\t<a href=\"https:\/\/new.pasiekauanety.pl\/swieczki-2\/walec-klasyczny\/\" class=\"group block bg-card border border-border rounded-3xl overflow-hidden shadow-soft hover:shadow-honey transition-all hover:-translate-y-1 h-full\">\n\t\t\t\t\t<div class=\"aspect-[4\/3] overflow-hidden\">\n\t\t\t\t\t\t<img decoding=\"async\" src=\"http:\/\/new.pasiekauanety.pl\/wp-content\/uploads\/2026\/04\/candles.jpg\" alt=\"Walec klasyczny\" class=\"w-full h-full object-cover group-hover:scale-110 transition-transform duration-700\" loading=\"lazy\">\t\t\t\t\t<\/div>\n\t\t\t\t\t<div class=\"p-6\">\n\t\t\t\t\t\t<h3 class=\"font-display text-xl font-semibold mb-1 group-hover:text-primary transition-colors\">Walec klasyczny<\/h3>\n\t\t\t\t\t\t<p class=\"text-sm text-muted-foreground mb-3\">Ponadczasowy kszta\u0142t, ciep\u0142e \u015bwiat\u0142o<\/p>\n\t\t\t\t\t\t<div class=\"flex items-center justify-between\">\n\t\t\t\t\t\t\t<span class=\"text-primary font-bold\">od 25 z\u0142<\/span>\n\t\t\t\t\t\t\t<span class=\"inline-flex items-center gap-1 text-xs text-primary font-semibold group-hover:gap-2 transition-all\">\n\t\t\t\t\t\t\t\tSzczeg\u00f3\u0142y <svg xmlns=\"http:\/\/www.w3.org\/2000\/svg\" viewBox=\"0 0 24 24\" class=\"h-3 w-3\" fill=\"none\" stroke=\"currentColor\" stroke-width=\"2\" stroke-linecap=\"round\" stroke-linejoin=\"round\" aria-hidden=\"true\" focusable=\"false\"><path d=\"M5 12h14\"><\/path><path d=\"m13 6 6 6-6 6\"><\/path><\/svg>\t\t\t\t\t\t\t<\/span>\n\t\t\t\t\t\t<\/div>\n\t\t\t\t\t<\/div>\n\t\t\t\t<\/a>\n\t\t\t\t\t\t\t<a href=\"https:\/\/new.pasiekauanety.pl\/swieczki-2\/swieca-plaster\/\" class=\"group block bg-card border border-border rounded-3xl overflow-hidden shadow-soft hover:shadow-honey transition-all hover:-translate-y-1 h-full\">\n\t\t\t\t\t<div class=\"aspect-[4\/3] overflow-hidden\">\n\t\t\t\t\t\t<img decoding=\"async\" src=\"http:\/\/new.pasiekauanety.pl\/wp-content\/uploads\/2026\/04\/candles-2.jpg\" alt=\"\u015awieca &quot;plaster&quot;\" class=\"w-full h-full object-cover group-hover:scale-110 transition-transform duration-700\" loading=\"lazy\">\t\t\t\t\t<\/div>\n\t\t\t\t\t<div class=\"p-6\">\n\t\t\t\t\t\t<h3 class=\"font-display text-xl font-semibold mb-1 group-hover:text-primary transition-colors\">\u015awieca &quot;plaster&quot;<\/h3>\n\t\t\t\t\t\t<p class=\"text-sm text-muted-foreground mb-3\">Heksagonalna struktura plastra miodu<\/p>\n\t\t\t\t\t\t<div class=\"flex items-center justify-between\">\n\t\t\t\t\t\t\t<span class=\"text-primary font-bold\">od 35 z\u0142<\/span>\n\t\t\t\t\t\t\t<span class=\"inline-flex items-center gap-1 text-xs text-primary font-semibold group-hover:gap-2 transition-all\">\n\t\t\t\t\t\t\t\tSzczeg\u00f3\u0142y <svg xmlns=\"http:\/\/www.w3.org\/2000\/svg\" viewBox=\"0 0 24 24\" class=\"h-3 w-3\" fill=\"none\" stroke=\"currentColor\" stroke-width=\"2\" stroke-linecap=\"round\" stroke-linejoin=\"round\" aria-hidden=\"true\" focusable=\"false\"><path d=\"M5 12h14\"><\/path><path d=\"m13 6 6 6-6 6\"><\/path><\/svg>\t\t\t\t\t\t\t<\/span>\n\t\t\t\t\t\t<\/div>\n\t\t\t\t\t<\/div>\n\t\t\t\t<\/a>\n\t\t\t\t\t\t\t<a href=\"https:\/\/new.pasiekauanety.pl\/swieczki-2\/tealighty\/\" class=\"group block bg-card border border-border rounded-3xl overflow-hidden shadow-soft hover:shadow-honey transition-all hover:-translate-y-1 h-full\">\n\t\t\t\t\t<div class=\"aspect-[4\/3] overflow-hidden\">\n\t\t\t\t\t\t<img decoding=\"async\" src=\"http:\/\/new.pasiekauanety.pl\/wp-content\/uploads\/2026\/04\/honeycomb.jpg\" alt=\"Tealighty (zestaw 6 szt.)\" class=\"w-full h-full object-cover group-hover:scale-110 transition-transform duration-700\" loading=\"lazy\">\t\t\t\t\t<\/div>\n\t\t\t\t\t<div class=\"p-6\">\n\t\t\t\t\t\t<h3 class=\"font-display text-xl font-semibold mb-1 group-hover:text-primary transition-colors\">Tealighty (zestaw 6 szt.)<\/h3>\n\t\t\t\t\t\t<p class=\"text-sm text-muted-foreground mb-3\">Ma\u0142e \u015bwiat\u0142a do ka\u017cdego zak\u0105tka<\/p>\n\t\t\t\t\t\t<div class=\"flex items-center justify-between\">\n\t\t\t\t\t\t\t<span class=\"text-primary font-bold\">30 z\u0142<\/span>\n\t\t\t\t\t\t\t<span class=\"inline-flex items-center gap-1 text-xs text-primary font-semibold group-hover:gap-2 transition-all\">\n\t\t\t\t\t\t\t\tSzczeg\u00f3\u0142y <svg xmlns=\"http:\/\/www.w3.org\/2000\/svg\" viewBox=\"0 0 24 24\" class=\"h-3 w-3\" fill=\"none\" stroke=\"currentColor\" stroke-width=\"2\" stroke-linecap=\"round\" stroke-linejoin=\"round\" aria-hidden=\"true\" focusable=\"false\"><path d=\"M5 12h14\"><\/path><path d=\"m13 6 6 6-6 6\"><\/path><\/svg>\t\t\t\t\t\t\t<\/span>\n\t\t\t\t\t\t<\/div>\n\t\t\t\t\t<\/div>\n\t\t\t\t<\/a>\n\t\t\t\t\t\t\t<a href=\"https:\/\/new.pasiekauanety.pl\/swieczki-2\/swieca-wotywna\/\" class=\"group block bg-card border border-border rounded-3xl overflow-hidden shadow-soft hover:shadow-honey transition-all hover:-translate-y-1 h-full\">\n\t\t\t\t\t<div class=\"aspect-[4\/3] overflow-hidden\">\n\t\t\t\t\t\t<img decoding=\"async\" src=\"http:\/\/new.pasiekauanety.pl\/wp-content\/uploads\/2026\/04\/candles.jpg\" alt=\"\u015awieca wotywna\" class=\"w-full h-full object-cover group-hover:scale-110 transition-transform duration-700\" loading=\"lazy\">\t\t\t\t\t<\/div>\n\t\t\t\t\t<div class=\"p-6\">\n\t\t\t\t\t\t<h3 class=\"font-display text-xl font-semibold mb-1 group-hover:text-primary transition-colors\">\u015awieca wotywna<\/h3>\n\t\t\t\t\t\t<p class=\"text-sm text-muted-foreground mb-3\">Klasyczna \u015bwieca do lampion\u00f3w<\/p>\n\t\t\t\t\t\t<div class=\"flex items-center justify-between\">\n\t\t\t\t\t\t\t<span class=\"text-primary font-bold\">20 z\u0142<\/span>\n\t\t\t\t\t\t\t<span class=\"inline-flex items-center gap-1 text-xs text-primary font-semibold group-hover:gap-2 transition-all\">\n\t\t\t\t\t\t\t\tSzczeg\u00f3\u0142y <svg xmlns=\"http:\/\/www.w3.org\/2000\/svg\" viewBox=\"0 0 24 24\" class=\"h-3 w-3\" fill=\"none\" stroke=\"currentColor\" stroke-width=\"2\" stroke-linecap=\"round\" stroke-linejoin=\"round\" aria-hidden=\"true\" focusable=\"false\"><path d=\"M5 12h14\"><\/path><path d=\"m13 6 6 6-6 6\"><\/path><\/svg>\t\t\t\t\t\t\t<\/span>\n\t\t\t\t\t\t<\/div>\n\t\t\t\t\t<\/div>\n\t\t\t\t<\/a>\n\t\t\t\t\t<\/div>\n\t<\/section>\n\t\n\n\t\t<section class=\"container py-20\">\n\t\t\t<div class=\"bg-gradient-honey rounded-[3rem] p-12 md:p-16 text-center text-primary-foreground\">\n\t\t\t\t<h2 class=\"font-display text-3xl md:text-4xl font-bold mb-3\">Chcesz zam\u00f3wi\u0107 \u015bwieczki?<\/h2>\n\t\t\t\t<p class=\"opacity-90 mb-7 max-w-xl mx-auto\">Wysy\u0142amy w ca\u0142ej Polsce. Realizujemy te\u017c zam\u00f3wienia na \u015bluby, chrzciny i okazje \u015bwi\u0105teczne.<\/p>\n\t\t\t\t<a href=\"https:\/\/new.pasiekauanety.pl\/kontakt\/\" class=\"inline-flex items-center gap-2 px-8 py-4 rounded-full bg-background text-foreground font-semibold hover:-translate-y-0.5 transition-transform\">\n\t\t\t\t\tSkontaktuj si\u0119 <svg xmlns=\"http:\/\/www.w3.org\/2000\/svg\" viewBox=\"0 0 24 24\" class=\"h-4 w-4\" fill=\"none\" stroke=\"currentColor\" stroke-width=\"2\" stroke-linecap=\"round\" stroke-linejoin=\"round\" aria-hidden=\"true\" focusable=\"false\"><path d=\"M5 12h14\"><\/path><path d=\"m13 6 6 6-6 6\"><\/path><\/svg>\t\t\t\t<\/a>\n\t\t\t<\/div>\n\t\t<\/section>\n\t\t","protected":false},"excerpt":{"rendered":"","protected":false},"author":1,"featured_media":0,"parent":0,"menu_order":0,"comment_status":"closed","ping_status":"closed","template":"","meta":{"footnotes":""},"class_list":["post-99","page","type-page","status-publish","hentry"],"_links":{"self":[{"href":"https:\/\/new.pasiekauanety.pl\/index.php?rest_route=\/wp\/v2\/pages\/99","targetHints":{"allow":["GET"]}}],"collection":[{"href":"https:\/\/new.pasiekauanety.pl\/index.php?rest_route=\/wp\/v2\/pages"}],"about":[{"href":"https:\/\/new.pasiekauanety.pl\/index.php?rest_route=\/wp\/v2\/types\/page"}],"author":[{"embeddable":true,"href":"https:\/\/new.pasiekauanety.pl\/index.php?rest_route=\/wp\/v2\/users\/1"}],"replies":[{"embeddable":true,"href":"https:\/\/new.pasiekauanety.pl\/index.php?rest_route=%2Fwp%2Fv2%2Fcomments&post=99"}],"version-history":[{"count":2,"href":"https:\/\/new.pasiekauanety.pl\/index.php?rest_route=\/wp\/v2\/pages\/99\/revisions"}],"predecessor-version":[{"id":159,"href":"https:\/\/new.pasiekauanety.pl\/index.php?rest_route=\/wp\/v2\/pages\/99\/revisions\/159"}],"wp:attachment":[{"href":"https:\/\/new.pasiekauanety.pl\/index.php?rest_route=%2Fwp%2Fv2%2Fmedia&parent=99"}],"curies":[{"name":"wp","href":"https:\/\/api.w.org\/{rel}","templated":true}]}}