{"id":104,"date":"2026-04-17T08:59:00","date_gmt":"2026-04-17T08:59:00","guid":{"rendered":"https:\/\/new.pasiekauanety.pl\/zycie-pszczoly\/"},"modified":"2026-04-17T08:59:00","modified_gmt":"2026-04-17T08:59:00","slug":"zycie-pszczoly","status":"publish","type":"page","link":"https:\/\/new.pasiekauanety.pl\/zycie-pszczoly\/","title":{"rendered":"\u017bycie pszczo\u0142y"},"content":{"rendered":"\t<section class=\"relative overflow-hidden\">\n\t\t<div class=\"absolute inset-0\">\n\t\t\t<img decoding=\"async\" src=\"http:\/\/new.pasiekauanety.pl\/wp-content\/uploads\/2026\/04\/bee-life.jpg\" alt=\"Pszczo\u0142a zbieraj\u0105ca py\u0142ek\" class=\"w-full h-full object-cover\">\t\t\t<div class=\"absolute inset-0 bg-gradient-to-r from-honey-deep\/80 via-honey-deep\/55 to-transparent\"><\/div>\n\t\t<\/div>\n\t\t<div class=\"relative container py-24 md:py-36\">\n\t\t\t<div class=\"max-w-2xl text-background\">\n\t\t\t\t\t\t\t\t\t<span class=\"inline-flex items-center gap-2 px-4 py-1.5 rounded-full bg-background\/15 backdrop-blur-sm border border-background\/20 text-sm font-medium mb-5\">\n\t\t\t\t\t\t<svg xmlns=\"http:\/\/www.w3.org\/2000\/svg\" viewBox=\"0 0 24 24\" class=\"h-3.5 w-3.5\" fill=\"none\" stroke=\"currentColor\" stroke-width=\"2\" stroke-linecap=\"round\" stroke-linejoin=\"round\" aria-hidden=\"true\" focusable=\"false\"><path d=\"M16 7h.01\"><\/path><path d=\"M3 17s4-8 10-8h7l-4 4h-3l-2 4Z\"><\/path><path d=\"M3 17c5 2 10 2 15-3\"><\/path><\/svg>\t\t\t\t\t\tCiekawostka\t\t\t\t\t<\/span>\n\t\t\t\t\t\t\t\t<h1 class=\"font-display text-5xl md:text-6xl lg:text-7xl font-bold leading-[0.95] mb-5\">\u017bycie <em class=\"text-primary-glow not-italic\">pszczo\u0142y<\/em><\/h1>\n\t\t\t\t\t\t\t\t\t<p class=\"text-lg md:text-xl opacity-90 max-w-xl leading-relaxed\">Sze\u015b\u0107 tygodni intensywnej pracy, w czasie kt\u00f3rej jedna pszczo\u0142a zmienia kilka zawod\u00f3w.<\/p>\n\t\t\t\t\t\t\t<\/div>\n\t\t<\/div>\n\t<\/section>\n\t\t<section class=\"container py-20\">\n\t\t\t<div class=\"text-center max-w-2xl mx-auto mb-12\">\n\t\t\t\t\t<span class=\"text-primary font-medium uppercase tracking-widest text-sm\">Etapy rozwoju<\/span>\n\t\t\t\t\t\t\t<h2 class=\"font-display text-4xl md:text-5xl font-bold mt-3 mb-3\">Od jaja do doros\u0142ej pszczo\u0142y<\/h2>\n\t\t\t\t\t\t\t<p class=\"text-muted-foreground text-lg\">Ca\u0142a przemiana trwa zaledwie 21 dni.<\/p>\n\t\t\t<\/div>\n\t\t\t<div class=\"relative max-w-4xl mx-auto\">\n\t\t\t\t\t\t\t<div class=\"absolute left-7 top-8 bottom-8 w-0.5 bg-gradient-to-b from-honey-light via-honey to-honey-deep hidden md:block\"><\/div>\n\t\t\t\t<div class=\"space-y-6\">\n\t\t\t\t\t\t\t\t\t\t\t\t\t\t\t<div class=\"flex gap-6 items-start relative\">\n\t\t\t\t\t\t<div class=\"h-14 w-14 rounded-full bg-gradient-honey flex items-center justify-center shadow-honey shrink-0 relative z-10\">\n\t\t\t\t\t\t\t<svg xmlns=\"http:\/\/www.w3.org\/2000\/svg\" viewBox=\"0 0 24 24\" class=\"h-6 w-6 text-primary-foreground\" fill=\"none\" stroke=\"currentColor\" stroke-width=\"2\" stroke-linecap=\"round\" stroke-linejoin=\"round\" aria-hidden=\"true\" focusable=\"false\"><path d=\"M12 22c4 0 7-3 7-8 0-6-3-12-7-12S5 8 5 14c0 5 3 8 7 8Z\"><\/path><\/svg>\t\t\t\t\t\t<\/div>\n\t\t\t\t\t\t<div class=\"flex-1 bg-card border border-border rounded-3xl p-6 shadow-soft\">\n\t\t\t\t\t\t\t<div class=\"flex items-baseline gap-3 mb-2\">\n\t\t\t\t\t\t\t\t<span class=\"text-xs uppercase tracking-widest text-primary font-bold\">Dni 1-3<\/span>\n\t\t\t\t\t\t\t\t<h3 class=\"font-display text-xl font-semibold\">Jajo<\/h3>\n\t\t\t\t\t\t\t<\/div>\n\t\t\t\t\t\t\t<p class=\"text-muted-foreground leading-relaxed\">Matka pszczela sk\u0142ada bia\u0142e, pod\u0142u\u017cne jajo na dnie kom\u00f3rki.<\/p>\n\t\t\t\t\t\t<\/div>\n\t\t\t\t\t<\/div>\n\t\t\t\t\t\t\t\t\t\t\t\t\t\t\t\t<div class=\"flex gap-6 items-start relative\">\n\t\t\t\t\t\t<div class=\"h-14 w-14 rounded-full bg-gradient-honey flex items-center justify-center shadow-honey shrink-0 relative z-10\">\n\t\t\t\t\t\t\t<svg xmlns=\"http:\/\/www.w3.org\/2000\/svg\" viewBox=\"0 0 24 24\" class=\"h-6 w-6 text-primary-foreground\" fill=\"none\" stroke=\"currentColor\" stroke-width=\"2\" stroke-linecap=\"round\" stroke-linejoin=\"round\" aria-hidden=\"true\" focusable=\"false\"><path d=\"M8 6a4 4 0 0 1 8 0\"><\/path><rect x=\"6\" y=\"6\" width=\"12\" height=\"14\" rx=\"6\"><\/rect><path d=\"M3 13h3\"><\/path><path d=\"M18 13h3\"><\/path><path d=\"M4 19l3-2\"><\/path><path d=\"M20 19l-3-2\"><\/path><\/svg>\t\t\t\t\t\t<\/div>\n\t\t\t\t\t\t<div class=\"flex-1 bg-card border border-border rounded-3xl p-6 shadow-soft\">\n\t\t\t\t\t\t\t<div class=\"flex items-baseline gap-3 mb-2\">\n\t\t\t\t\t\t\t\t<span class=\"text-xs uppercase tracking-widest text-primary font-bold\">Dni 4-9<\/span>\n\t\t\t\t\t\t\t\t<h3 class=\"font-display text-xl font-semibold\">Larwa<\/h3>\n\t\t\t\t\t\t\t<\/div>\n\t\t\t\t\t\t\t<p class=\"text-muted-foreground leading-relaxed\">Larwa ro\u015bnie w b\u0142yskawicznym tempie i jest karmiona mleczkiem pszczelim.<\/p>\n\t\t\t\t\t\t<\/div>\n\t\t\t\t\t<\/div>\n\t\t\t\t\t\t\t\t\t\t\t\t\t\t\t\t<div class=\"flex gap-6 items-start relative\">\n\t\t\t\t\t\t<div class=\"h-14 w-14 rounded-full bg-gradient-honey flex items-center justify-center shadow-honey shrink-0 relative z-10\">\n\t\t\t\t\t\t\t<svg xmlns=\"http:\/\/www.w3.org\/2000\/svg\" viewBox=\"0 0 24 24\" class=\"h-6 w-6 text-primary-foreground\" fill=\"none\" stroke=\"currentColor\" stroke-width=\"2\" stroke-linecap=\"round\" stroke-linejoin=\"round\" aria-hidden=\"true\" focusable=\"false\"><path d=\"m12 3 1.8 5.2L19 10l-5.2 1.8L12 17l-1.8-5.2L5 10l5.2-1.8Z\"><\/path><path d=\"M5 3v4\"><\/path><path d=\"M3 5h4\"><\/path><path d=\"M19 17v4\"><\/path><path d=\"M17 19h4\"><\/path><\/svg>\t\t\t\t\t\t<\/div>\n\t\t\t\t\t\t<div class=\"flex-1 bg-card border border-border rounded-3xl p-6 shadow-soft\">\n\t\t\t\t\t\t\t<div class=\"flex items-baseline gap-3 mb-2\">\n\t\t\t\t\t\t\t\t<span class=\"text-xs uppercase tracking-widest text-primary font-bold\">Dni 10-20<\/span>\n\t\t\t\t\t\t\t\t<h3 class=\"font-display text-xl font-semibold\">Poczwarka<\/h3>\n\t\t\t\t\t\t\t<\/div>\n\t\t\t\t\t\t\t<p class=\"text-muted-foreground leading-relaxed\">Kom\u00f3rka zostaje zasklepiona woskiem. Wewn\u0105trz trwa pe\u0142na metamorfoza.<\/p>\n\t\t\t\t\t\t<\/div>\n\t\t\t\t\t<\/div>\n\t\t\t\t\t\t\t\t\t\t\t\t\t\t\t\t<div class=\"flex gap-6 items-start relative\">\n\t\t\t\t\t\t<div class=\"h-14 w-14 rounded-full bg-gradient-honey flex items-center justify-center shadow-honey shrink-0 relative z-10\">\n\t\t\t\t\t\t\t<svg xmlns=\"http:\/\/www.w3.org\/2000\/svg\" viewBox=\"0 0 24 24\" class=\"h-6 w-6 text-primary-foreground\" fill=\"none\" stroke=\"currentColor\" stroke-width=\"2\" stroke-linecap=\"round\" stroke-linejoin=\"round\" aria-hidden=\"true\" focusable=\"false\"><path d=\"M16 7h.01\"><\/path><path d=\"M3 17s4-8 10-8h7l-4 4h-3l-2 4Z\"><\/path><path d=\"M3 17c5 2 10 2 15-3\"><\/path><\/svg>\t\t\t\t\t\t<\/div>\n\t\t\t\t\t\t<div class=\"flex-1 bg-card border border-border rounded-3xl p-6 shadow-soft\">\n\t\t\t\t\t\t\t<div class=\"flex items-baseline gap-3 mb-2\">\n\t\t\t\t\t\t\t\t<span class=\"text-xs uppercase tracking-widest text-primary font-bold\">Dni 21+<\/span>\n\t\t\t\t\t\t\t\t<h3 class=\"font-display text-xl font-semibold\">Doros\u0142a pszczo\u0142a<\/h3>\n\t\t\t\t\t\t\t<\/div>\n\t\t\t\t\t\t\t<p class=\"text-muted-foreground leading-relaxed\">M\u0142oda robotnica wygryza si\u0119 z kom\u00f3rki i od razu zaczyna prac\u0119.<\/p>\n\t\t\t\t\t\t<\/div>\n\t\t\t\t\t<\/div>\n\t\t\t\t\t\t\t\t\t\t\t\t\t\t<\/div>\n\t\t\t\t\t<\/div>\n\t<\/section>\n\t\t<section class=\"container py-20\">\n\t\t\t<div class=\"text-center max-w-2xl mx-auto mb-12\">\n\t\t\t\t\t<span class=\"text-primary font-medium uppercase tracking-widest text-sm\">Role w rodzinie<\/span>\n\t\t\t\t\t\t\t<h2 class=\"font-display text-4xl md:text-5xl font-bold mt-3 mb-3\">Trzy rodzaje pszcz\u00f3\u0142<\/h2>\n\t\t\t\t\t\t\t<p class=\"text-muted-foreground text-lg\">W ulu \u017cyj\u0105 obok siebie trzy zupe\u0142nie r\u00f3\u017cne istoty.<\/p>\n\t\t\t<\/div>\n\t\t\t<div class=\"grid md:grid-cols-3 gap-6\">\n\t\t\t\t\t\t\t<div class=\"bg-card border border-border rounded-3xl p-8 shadow-soft hover:shadow-honey transition-shadow\">\n\t\t\t\t\t<div class=\"h-14 w-14 rounded-2xl bg-gradient-honey flex items-center justify-center mb-5 shadow-honey\">\n\t\t\t\t\t\t<svg xmlns=\"http:\/\/www.w3.org\/2000\/svg\" viewBox=\"0 0 24 24\" class=\"h-6 w-6 text-primary-foreground\" fill=\"none\" stroke=\"currentColor\" stroke-width=\"2\" stroke-linecap=\"round\" stroke-linejoin=\"round\" aria-hidden=\"true\" focusable=\"false\"><path d=\"m2 6 5 5 5-8 5 8 5-5-2 12H4Z\"><\/path><\/svg>\t\t\t\t\t<\/div>\n\t\t\t\t\t<h3 class=\"font-display text-2xl font-semibold mb-2\">Matka<\/h3>\n\t\t\t\t\t<p class=\"text-muted-foreground leading-relaxed\">Jedna w ca\u0142ej rodzinie. Sk\u0142ada do 2000 jaj dziennie i \u017cyje 3-5 lat.<\/p>\n\t\t\t\t<\/div>\n\t\t\t\t\t\t\t<div class=\"bg-card border border-border rounded-3xl p-8 shadow-soft hover:shadow-honey transition-shadow\">\n\t\t\t\t\t<div class=\"h-14 w-14 rounded-2xl bg-gradient-honey flex items-center justify-center mb-5 shadow-honey\">\n\t\t\t\t\t\t<svg xmlns=\"http:\/\/www.w3.org\/2000\/svg\" viewBox=\"0 0 24 24\" class=\"h-6 w-6 text-primary-foreground\" fill=\"none\" stroke=\"currentColor\" stroke-width=\"2\" stroke-linecap=\"round\" stroke-linejoin=\"round\" aria-hidden=\"true\" focusable=\"false\"><path d=\"M12 22s8-4 8-10V5l-8-3-8 3v7c0 6 8 10 8 10Z\"><\/path><\/svg>\t\t\t\t\t<\/div>\n\t\t\t\t\t<h3 class=\"font-display text-2xl font-semibold mb-2\">Robotnice<\/h3>\n\t\t\t\t\t<p class=\"text-muted-foreground leading-relaxed\">30-60 tysi\u0119cy w ulu. Sprz\u0105taczki, mamki, budowniczowie, stra\u017cniczki i zbieraczki.<\/p>\n\t\t\t\t<\/div>\n\t\t\t\t\t\t\t<div class=\"bg-card border border-border rounded-3xl p-8 shadow-soft hover:shadow-honey transition-shadow\">\n\t\t\t\t\t<div class=\"h-14 w-14 rounded-2xl bg-gradient-honey flex items-center justify-center mb-5 shadow-honey\">\n\t\t\t\t\t\t<svg xmlns=\"http:\/\/www.w3.org\/2000\/svg\" viewBox=\"0 0 24 24\" class=\"h-6 w-6 text-primary-foreground\" fill=\"none\" stroke=\"currentColor\" stroke-width=\"2\" stroke-linecap=\"round\" stroke-linejoin=\"round\" aria-hidden=\"true\" focusable=\"false\"><path d=\"M14.7 6.3a4 4 0 0 0-5 5L3 18l3 3 6.7-6.7a4 4 0 0 0 5-5l-2.8 2.8-3-3Z\"><\/path><\/svg>\t\t\t\t\t<\/div>\n\t\t\t\t\t<h3 class=\"font-display text-2xl font-semibold mb-2\">Trutnie<\/h3>\n\t\t\t\t\t<p class=\"text-muted-foreground leading-relaxed\">Samce, kilkaset w sezonie. Ich zadaniem jest unasiennienie matki.<\/p>\n\t\t\t\t<\/div>\n\t\t\t\t\t<\/div>\n\t<\/section>\n\t\t<section class=\"container py-16\">\n\t\t\t\t\t<h2 class=\"font-display text-3xl font-bold mb-8\">Kariera robotnicy<\/h2>\n\t\t\t\t<div class=\"grid md:grid-cols-2 gap-8\">\n\t\t\t\t\t\t\t<div class=\"bg-card border border-border rounded-3xl p-8 shadow-soft\">\n\t\t\t\t\t\t\t\t\t\t<h2 class=\"font-display text-2xl font-bold mb-5\">Zawody w ulu<\/h2>\n\t\t\t\t\t\t\t\t\t\t\t\t\t\t\t\t<ul class=\"space-y-3\">\n\t\t\t\t\t\t\t\t\t\t\t\t\t\t\t<li class=\"flex gap-3 text-sm text-muted-foreground leading-relaxed\">\n\t\t\t\t\t\t\t\t\t<svg xmlns=\"http:\/\/www.w3.org\/2000\/svg\" viewBox=\"0 0 24 24\" class=\"h-4 w-4 text-primary shrink-0 mt-0.5\" fill=\"none\" stroke=\"currentColor\" stroke-width=\"2\" stroke-linecap=\"round\" stroke-linejoin=\"round\" aria-hidden=\"true\" focusable=\"false\"><path d=\"m20 6-11 11-5-5\"><\/path><\/svg>\t\t\t\t\t\t\t\t\t1-3 dni &#8211; sprz\u0105taczka, czy\u015bci kom\u00f3rki\t\t\t\t\t\t\t\t<\/li>\n\t\t\t\t\t\t\t\t\t\t\t\t\t\t\t<li class=\"flex gap-3 text-sm text-muted-foreground leading-relaxed\">\n\t\t\t\t\t\t\t\t\t<svg xmlns=\"http:\/\/www.w3.org\/2000\/svg\" viewBox=\"0 0 24 24\" class=\"h-4 w-4 text-primary shrink-0 mt-0.5\" fill=\"none\" stroke=\"currentColor\" stroke-width=\"2\" stroke-linecap=\"round\" stroke-linejoin=\"round\" aria-hidden=\"true\" focusable=\"false\"><path d=\"m20 6-11 11-5-5\"><\/path><\/svg>\t\t\t\t\t\t\t\t\t4-11 dni &#8211; mamka, karmi larwy\t\t\t\t\t\t\t\t<\/li>\n\t\t\t\t\t\t\t\t\t\t\t\t\t\t\t<li class=\"flex gap-3 text-sm text-muted-foreground leading-relaxed\">\n\t\t\t\t\t\t\t\t\t<svg xmlns=\"http:\/\/www.w3.org\/2000\/svg\" viewBox=\"0 0 24 24\" class=\"h-4 w-4 text-primary shrink-0 mt-0.5\" fill=\"none\" stroke=\"currentColor\" stroke-width=\"2\" stroke-linecap=\"round\" stroke-linejoin=\"round\" aria-hidden=\"true\" focusable=\"false\"><path d=\"m20 6-11 11-5-5\"><\/path><\/svg>\t\t\t\t\t\t\t\t\t12-17 dni &#8211; budowniczyni, produkuje wosk\t\t\t\t\t\t\t\t<\/li>\n\t\t\t\t\t\t\t\t\t\t\t\t\t\t\t<li class=\"flex gap-3 text-sm text-muted-foreground leading-relaxed\">\n\t\t\t\t\t\t\t\t\t<svg xmlns=\"http:\/\/www.w3.org\/2000\/svg\" viewBox=\"0 0 24 24\" class=\"h-4 w-4 text-primary shrink-0 mt-0.5\" fill=\"none\" stroke=\"currentColor\" stroke-width=\"2\" stroke-linecap=\"round\" stroke-linejoin=\"round\" aria-hidden=\"true\" focusable=\"false\"><path d=\"m20 6-11 11-5-5\"><\/path><\/svg>\t\t\t\t\t\t\t\t\t18-21 dni &#8211; stra\u017cniczka, pilnuje wylotka\t\t\t\t\t\t\t\t<\/li>\n\t\t\t\t\t\t\t\t\t\t\t\t\t\t\t<li class=\"flex gap-3 text-sm text-muted-foreground leading-relaxed\">\n\t\t\t\t\t\t\t\t\t<svg xmlns=\"http:\/\/www.w3.org\/2000\/svg\" viewBox=\"0 0 24 24\" class=\"h-4 w-4 text-primary shrink-0 mt-0.5\" fill=\"none\" stroke=\"currentColor\" stroke-width=\"2\" stroke-linecap=\"round\" stroke-linejoin=\"round\" aria-hidden=\"true\" focusable=\"false\"><path d=\"m20 6-11 11-5-5\"><\/path><\/svg>\t\t\t\t\t\t\t\t\t22-42 dni &#8211; zbieraczka, wylatuje po nektar\t\t\t\t\t\t\t\t<\/li>\n\t\t\t\t\t\t\t\t\t\t\t\t\t<\/ul>\n\t\t\t\t\t\t\t\t\t\t\t\t\t\t<\/div>\n\t\t\t\t\t\t\t<div class=\"bg-card border border-border rounded-3xl p-8 shadow-soft\">\n\t\t\t\t\t\t\t\t\t\t<h2 class=\"font-display text-2xl font-bold mb-5\">Czy wiesz, \u017ce&#8230;<\/h2>\n\t\t\t\t\t\t\t\t\t\t\t<p class=\"text-sm text-muted-foreground leading-relaxed\">Jedna pszczo\u0142a w czasie ca\u0142ego \u017cycia produkuje zaledwie 1\/10 \u0142y\u017ceczki miodu. S\u0142oik 500 g to praca ok. 5000 pszcz\u00f3\u0142.<\/p>\n\t\t\t\t\t\t\t\t\t\t\t\t\t\t\t\t\t\t\t<\/div>\n\t\t\t\t\t<\/div>\n\t<\/section>\n\t","protected":false},"excerpt":{"rendered":"","protected":false},"author":1,"featured_media":0,"parent":0,"menu_order":0,"comment_status":"closed","ping_status":"closed","template":"","meta":{"footnotes":""},"class_list":["post-104","page","type-page","status-publish","hentry"],"_links":{"self":[{"href":"https:\/\/new.pasiekauanety.pl\/index.php?rest_route=\/wp\/v2\/pages\/104","targetHints":{"allow":["GET"]}}],"collection":[{"href":"https:\/\/new.pasiekauanety.pl\/index.php?rest_route=\/wp\/v2\/pages"}],"about":[{"href":"https:\/\/new.pasiekauanety.pl\/index.php?rest_route=\/wp\/v2\/types\/page"}],"author":[{"embeddable":true,"href":"https:\/\/new.pasiekauanety.pl\/index.php?rest_route=\/wp\/v2\/users\/1"}],"replies":[{"embeddable":true,"href":"https:\/\/new.pasiekauanety.pl\/index.php?rest_route=%2Fwp%2Fv2%2Fcomments&post=104"}],"version-history":[{"count":0,"href":"https:\/\/new.pasiekauanety.pl\/index.php?rest_route=\/wp\/v2\/pages\/104\/revisions"}],"wp:attachment":[{"href":"https:\/\/new.pasiekauanety.pl\/index.php?rest_route=%2Fwp%2Fv2%2Fmedia&parent=104"}],"curies":[{"name":"wp","href":"https:\/\/api.w.org\/{rel}","templated":true}]}}